{"id":238,"date":"2024-07-02T15:55:18","date_gmt":"2024-07-02T15:55:18","guid":{"rendered":"https:\/\/labs.100x100.net\/projects\/turismon-new\/empreses\/"},"modified":"2024-07-29T17:14:49","modified_gmt":"2024-07-29T17:14:49","slug":"empresas","status":"publish","type":"page","link":"https:\/\/gigsgirona.com\/es\/empresas\/","title":{"rendered":"Empresas"},"content":{"rendered":"","protected":false},"excerpt":{"rendered":"","protected":false},"author":1,"featured_media":0,"parent":0,"menu_order":0,"comment_status":"closed","ping_status":"closed","template":"page-empreses.php","meta":{"_acf_changed":false,"footnotes":""},"class_list":["post-238","page","type-page","status-publish","hentry"],"acf":[],"yoast_head":"<!-- This site is optimized with the Yoast SEO plugin v27.2 - https:\/\/yoast.com\/product\/yoast-seo-wordpress\/ -->\n<title>Empresas - Experiencias y actividades a medida para grupos - Turismon &amp; GIGS Girona<\/title>\n<meta name=\"description\" content=\"Descubre Catalu\u00f1a con nuestras experiencias exclusivas, dise\u00f1adas a medida para grupos: amigos, empresas, familia o compa\u00f1eros de trabajo.\" \/>\n<meta name=\"robots\" content=\"index, follow, max-snippet:-1, max-image-preview:large, max-video-preview:-1\" \/>\n<link rel=\"canonical\" href=\"https:\/\/gigsgirona.com\/es\/empresas\/\" \/>\n<meta property=\"og:locale\" content=\"es_ES\" \/>\n<meta property=\"og:type\" content=\"article\" \/>\n<meta property=\"og:title\" content=\"Empresas - Experiencias y actividades a medida para grupos - Turismon &amp; GIGS Girona\" \/>\n<meta property=\"og:description\" content=\"Descubre Catalu\u00f1a con nuestras experiencias exclusivas, dise\u00f1adas a medida para grupos: amigos, empresas, familia o compa\u00f1eros de trabajo.\" \/>\n<meta property=\"og:url\" content=\"https:\/\/gigsgirona.com\/es\/empresas\/\" \/>\n<meta property=\"og:site_name\" content=\"Turismon &amp; GIGS Girona\" \/>\n<meta property=\"article:modified_time\" content=\"2024-07-29T17:14:49+00:00\" \/>\n<meta name=\"twitter:card\" content=\"summary_large_image\" \/>\n<script type=\"application\/ld+json\" class=\"yoast-schema-graph\">{\"@context\":\"https:\/\/schema.org\",\"@graph\":[{\"@type\":\"WebPage\",\"@id\":\"https:\/\/gigsgirona.com\/es\/empresas\/\",\"url\":\"https:\/\/gigsgirona.com\/es\/empresas\/\",\"name\":\"Empresas - Experiencias y actividades a medida para grupos - Turismon &amp; GIGS Girona\",\"isPartOf\":{\"@id\":\"https:\/\/www.gigsgirona.com\/en\/#website\"},\"datePublished\":\"2024-07-02T15:55:18+00:00\",\"dateModified\":\"2024-07-29T17:14:49+00:00\",\"description\":\"Descubre Catalu\u00f1a con nuestras experiencias exclusivas, dise\u00f1adas a medida para grupos: amigos, empresas, familia o compa\u00f1eros de trabajo.\",\"breadcrumb\":{\"@id\":\"https:\/\/gigsgirona.com\/es\/empresas\/#breadcrumb\"},\"inLanguage\":\"es\",\"potentialAction\":[{\"@type\":\"ReadAction\",\"target\":[\"https:\/\/gigsgirona.com\/es\/empresas\/\"]}]},{\"@type\":\"BreadcrumbList\",\"@id\":\"https:\/\/gigsgirona.com\/es\/empresas\/#breadcrumb\",\"itemListElement\":[{\"@type\":\"ListItem\",\"position\":1,\"name\":\"Inici\",\"item\":\"https:\/\/www.gigsgirona.com\/es\/\"},{\"@type\":\"ListItem\",\"position\":2,\"name\":\"Empresas\"}]},{\"@type\":\"WebSite\",\"@id\":\"https:\/\/www.gigsgirona.com\/en\/#website\",\"url\":\"https:\/\/www.gigsgirona.com\/en\/\",\"name\":\"Turismon &amp; GIGS Girona\",\"description\":\"\",\"potentialAction\":[{\"@type\":\"SearchAction\",\"target\":{\"@type\":\"EntryPoint\",\"urlTemplate\":\"https:\/\/www.gigsgirona.com\/en\/?s={search_term_string}\"},\"query-input\":{\"@type\":\"PropertyValueSpecification\",\"valueRequired\":true,\"valueName\":\"search_term_string\"}}],\"inLanguage\":\"es\"}]}<\/script>\n<!-- \/ Yoast SEO plugin. -->","yoast_head_json":{"title":"Empresas - Experiencias y actividades a medida para grupos - Turismon &amp; GIGS Girona","description":"Descubre Catalu\u00f1a con nuestras experiencias exclusivas, dise\u00f1adas a medida para grupos: amigos, empresas, familia o compa\u00f1eros de trabajo.","robots":{"index":"index","follow":"follow","max-snippet":"max-snippet:-1","max-image-preview":"max-image-preview:large","max-video-preview":"max-video-preview:-1"},"canonical":"https:\/\/gigsgirona.com\/es\/empresas\/","og_locale":"es_ES","og_type":"article","og_title":"Empresas - Experiencias y actividades a medida para grupos - Turismon &amp; GIGS Girona","og_description":"Descubre Catalu\u00f1a con nuestras experiencias exclusivas, dise\u00f1adas a medida para grupos: amigos, empresas, familia o compa\u00f1eros de trabajo.","og_url":"https:\/\/gigsgirona.com\/es\/empresas\/","og_site_name":"Turismon &amp; GIGS Girona","article_modified_time":"2024-07-29T17:14:49+00:00","twitter_card":"summary_large_image","schema":{"@context":"https:\/\/schema.org","@graph":[{"@type":"WebPage","@id":"https:\/\/gigsgirona.com\/es\/empresas\/","url":"https:\/\/gigsgirona.com\/es\/empresas\/","name":"Empresas - Experiencias y actividades a medida para grupos - Turismon &amp; GIGS Girona","isPartOf":{"@id":"https:\/\/www.gigsgirona.com\/en\/#website"},"datePublished":"2024-07-02T15:55:18+00:00","dateModified":"2024-07-29T17:14:49+00:00","description":"Descubre Catalu\u00f1a con nuestras experiencias exclusivas, dise\u00f1adas a medida para grupos: amigos, empresas, familia o compa\u00f1eros de trabajo.","breadcrumb":{"@id":"https:\/\/gigsgirona.com\/es\/empresas\/#breadcrumb"},"inLanguage":"es","potentialAction":[{"@type":"ReadAction","target":["https:\/\/gigsgirona.com\/es\/empresas\/"]}]},{"@type":"BreadcrumbList","@id":"https:\/\/gigsgirona.com\/es\/empresas\/#breadcrumb","itemListElement":[{"@type":"ListItem","position":1,"name":"Inici","item":"https:\/\/www.gigsgirona.com\/es\/"},{"@type":"ListItem","position":2,"name":"Empresas"}]},{"@type":"WebSite","@id":"https:\/\/www.gigsgirona.com\/en\/#website","url":"https:\/\/www.gigsgirona.com\/en\/","name":"Turismon &amp; GIGS Girona","description":"","potentialAction":[{"@type":"SearchAction","target":{"@type":"EntryPoint","urlTemplate":"https:\/\/www.gigsgirona.com\/en\/?s={search_term_string}"},"query-input":{"@type":"PropertyValueSpecification","valueRequired":true,"valueName":"search_term_string"}}],"inLanguage":"es"}]}},"_links":{"self":[{"href":"https:\/\/gigsgirona.com\/es\/wp-json\/wp\/v2\/pages\/238","targetHints":{"allow":["GET"]}}],"collection":[{"href":"https:\/\/gigsgirona.com\/es\/wp-json\/wp\/v2\/pages"}],"about":[{"href":"https:\/\/gigsgirona.com\/es\/wp-json\/wp\/v2\/types\/page"}],"author":[{"embeddable":true,"href":"https:\/\/gigsgirona.com\/es\/wp-json\/wp\/v2\/users\/1"}],"replies":[{"embeddable":true,"href":"https:\/\/gigsgirona.com\/es\/wp-json\/wp\/v2\/comments?post=238"}],"version-history":[{"count":4,"href":"https:\/\/gigsgirona.com\/es\/wp-json\/wp\/v2\/pages\/238\/revisions"}],"predecessor-version":[{"id":625,"href":"https:\/\/gigsgirona.com\/es\/wp-json\/wp\/v2\/pages\/238\/revisions\/625"}],"wp:attachment":[{"href":"https:\/\/gigsgirona.com\/es\/wp-json\/wp\/v2\/media?parent=238"}],"curies":[{"name":"wp","href":"https:\/\/api.w.org\/{rel}","templated":true}]}}