{"id":242,"date":"2024-06-28T13:45:10","date_gmt":"2024-06-28T13:45:10","guid":{"rendered":"https:\/\/labs.100x100.net\/projects\/turismon-new\/experiencies\/"},"modified":"2024-08-13T11:12:38","modified_gmt":"2024-08-13T11:12:38","slug":"experiencias","status":"publish","type":"page","link":"https:\/\/gigsgirona.com\/es\/experiencias\/","title":{"rendered":"Experiencias"},"content":{"rendered":"","protected":false},"excerpt":{"rendered":"","protected":false},"author":1,"featured_media":0,"parent":0,"menu_order":0,"comment_status":"closed","ping_status":"closed","template":"page-experiencies.php","meta":{"_acf_changed":false,"footnotes":""},"class_list":["post-242","page","type-page","status-publish","hentry"],"acf":[],"yoast_head":"<!-- This site is optimized with the Yoast SEO plugin v27.2 - https:\/\/yoast.com\/product\/yoast-seo-wordpress\/ -->\n<title>Experiencias - Turismon &amp; GIGS Girona<\/title>\n<meta name=\"description\" content=\"En Turismon ofrecemos experiencias culturales y patrimoniales, Experiencias n\u00e1uticas y Experiencias enogastron\u00f3micas en Catalu\u00f1a.\" \/>\n<meta name=\"robots\" content=\"index, follow, max-snippet:-1, max-image-preview:large, max-video-preview:-1\" \/>\n<link rel=\"canonical\" href=\"https:\/\/gigsgirona.com\/es\/experiencias\/\" \/>\n<meta property=\"og:locale\" content=\"es_ES\" \/>\n<meta property=\"og:type\" content=\"article\" \/>\n<meta property=\"og:title\" content=\"Experiencias - Turismon &amp; GIGS Girona\" \/>\n<meta property=\"og:description\" content=\"En Turismon ofrecemos experiencias culturales y patrimoniales, Experiencias n\u00e1uticas y Experiencias enogastron\u00f3micas en Catalu\u00f1a.\" \/>\n<meta property=\"og:url\" content=\"https:\/\/gigsgirona.com\/es\/experiencias\/\" \/>\n<meta property=\"og:site_name\" content=\"Turismon &amp; GIGS Girona\" \/>\n<meta property=\"article:modified_time\" content=\"2024-08-13T11:12:38+00:00\" \/>\n<meta name=\"twitter:card\" content=\"summary_large_image\" \/>\n<script type=\"application\/ld+json\" class=\"yoast-schema-graph\">{\"@context\":\"https:\/\/schema.org\",\"@graph\":[{\"@type\":\"WebPage\",\"@id\":\"https:\/\/gigsgirona.com\/es\/experiencias\/\",\"url\":\"https:\/\/gigsgirona.com\/es\/experiencias\/\",\"name\":\"Experiencias - Turismon &amp; GIGS Girona\",\"isPartOf\":{\"@id\":\"https:\/\/www.gigsgirona.com\/en\/#website\"},\"datePublished\":\"2024-06-28T13:45:10+00:00\",\"dateModified\":\"2024-08-13T11:12:38+00:00\",\"description\":\"En Turismon ofrecemos experiencias culturales y patrimoniales, Experiencias n\u00e1uticas y Experiencias enogastron\u00f3micas en Catalu\u00f1a.\",\"breadcrumb\":{\"@id\":\"https:\/\/gigsgirona.com\/es\/experiencias\/#breadcrumb\"},\"inLanguage\":\"es\",\"potentialAction\":[{\"@type\":\"ReadAction\",\"target\":[\"https:\/\/gigsgirona.com\/es\/experiencias\/\"]}]},{\"@type\":\"BreadcrumbList\",\"@id\":\"https:\/\/gigsgirona.com\/es\/experiencias\/#breadcrumb\",\"itemListElement\":[{\"@type\":\"ListItem\",\"position\":1,\"name\":\"Inici\",\"item\":\"https:\/\/gigsgirona.com\/es\/\"},{\"@type\":\"ListItem\",\"position\":2,\"name\":\"Experiencias\"}]},{\"@type\":\"WebSite\",\"@id\":\"https:\/\/www.gigsgirona.com\/en\/#website\",\"url\":\"https:\/\/www.gigsgirona.com\/en\/\",\"name\":\"Turismon &amp; GIGS Girona\",\"description\":\"\",\"potentialAction\":[{\"@type\":\"SearchAction\",\"target\":{\"@type\":\"EntryPoint\",\"urlTemplate\":\"https:\/\/www.gigsgirona.com\/en\/?s={search_term_string}\"},\"query-input\":{\"@type\":\"PropertyValueSpecification\",\"valueRequired\":true,\"valueName\":\"search_term_string\"}}],\"inLanguage\":\"es\"}]}<\/script>\n<!-- \/ Yoast SEO plugin. -->","yoast_head_json":{"title":"Experiencias - Turismon &amp; GIGS Girona","description":"En Turismon ofrecemos experiencias culturales y patrimoniales, Experiencias n\u00e1uticas y Experiencias enogastron\u00f3micas en Catalu\u00f1a.","robots":{"index":"index","follow":"follow","max-snippet":"max-snippet:-1","max-image-preview":"max-image-preview:large","max-video-preview":"max-video-preview:-1"},"canonical":"https:\/\/gigsgirona.com\/es\/experiencias\/","og_locale":"es_ES","og_type":"article","og_title":"Experiencias - Turismon &amp; GIGS Girona","og_description":"En Turismon ofrecemos experiencias culturales y patrimoniales, Experiencias n\u00e1uticas y Experiencias enogastron\u00f3micas en Catalu\u00f1a.","og_url":"https:\/\/gigsgirona.com\/es\/experiencias\/","og_site_name":"Turismon &amp; GIGS Girona","article_modified_time":"2024-08-13T11:12:38+00:00","twitter_card":"summary_large_image","schema":{"@context":"https:\/\/schema.org","@graph":[{"@type":"WebPage","@id":"https:\/\/gigsgirona.com\/es\/experiencias\/","url":"https:\/\/gigsgirona.com\/es\/experiencias\/","name":"Experiencias - Turismon &amp; GIGS Girona","isPartOf":{"@id":"https:\/\/www.gigsgirona.com\/en\/#website"},"datePublished":"2024-06-28T13:45:10+00:00","dateModified":"2024-08-13T11:12:38+00:00","description":"En Turismon ofrecemos experiencias culturales y patrimoniales, Experiencias n\u00e1uticas y Experiencias enogastron\u00f3micas en Catalu\u00f1a.","breadcrumb":{"@id":"https:\/\/gigsgirona.com\/es\/experiencias\/#breadcrumb"},"inLanguage":"es","potentialAction":[{"@type":"ReadAction","target":["https:\/\/gigsgirona.com\/es\/experiencias\/"]}]},{"@type":"BreadcrumbList","@id":"https:\/\/gigsgirona.com\/es\/experiencias\/#breadcrumb","itemListElement":[{"@type":"ListItem","position":1,"name":"Inici","item":"https:\/\/gigsgirona.com\/es\/"},{"@type":"ListItem","position":2,"name":"Experiencias"}]},{"@type":"WebSite","@id":"https:\/\/www.gigsgirona.com\/en\/#website","url":"https:\/\/www.gigsgirona.com\/en\/","name":"Turismon &amp; GIGS Girona","description":"","potentialAction":[{"@type":"SearchAction","target":{"@type":"EntryPoint","urlTemplate":"https:\/\/www.gigsgirona.com\/en\/?s={search_term_string}"},"query-input":{"@type":"PropertyValueSpecification","valueRequired":true,"valueName":"search_term_string"}}],"inLanguage":"es"}]}},"_links":{"self":[{"href":"https:\/\/gigsgirona.com\/es\/wp-json\/wp\/v2\/pages\/242","targetHints":{"allow":["GET"]}}],"collection":[{"href":"https:\/\/gigsgirona.com\/es\/wp-json\/wp\/v2\/pages"}],"about":[{"href":"https:\/\/gigsgirona.com\/es\/wp-json\/wp\/v2\/types\/page"}],"author":[{"embeddable":true,"href":"https:\/\/gigsgirona.com\/es\/wp-json\/wp\/v2\/users\/1"}],"replies":[{"embeddable":true,"href":"https:\/\/gigsgirona.com\/es\/wp-json\/wp\/v2\/comments?post=242"}],"version-history":[{"count":3,"href":"https:\/\/gigsgirona.com\/es\/wp-json\/wp\/v2\/pages\/242\/revisions"}],"predecessor-version":[{"id":356,"href":"https:\/\/gigsgirona.com\/es\/wp-json\/wp\/v2\/pages\/242\/revisions\/356"}],"wp:attachment":[{"href":"https:\/\/gigsgirona.com\/es\/wp-json\/wp\/v2\/media?parent=242"}],"curies":[{"name":"wp","href":"https:\/\/api.w.org\/{rel}","templated":true}]}}